{"id":13,"date":"2025-07-14T00:02:52","date_gmt":"2025-07-14T00:02:52","guid":{"rendered":"https:\/\/portafoliocasacreativa.com\/?page_id=13"},"modified":"2025-08-27T19:23:12","modified_gmt":"2025-08-27T19:23:12","slug":"biografia","status":"publish","type":"page","link":"https:\/\/portafoliocasacreativa.com\/index.php\/biografia\/","title":{"rendered":"Biograf\u00eda"},"content":{"rendered":"\n<div class=\"wp-block-columns is-layout-flex wp-container-core-columns-is-layout-28f84493 wp-block-columns-is-layout-flex\">\n<div class=\"wp-block-column is-layout-flow wp-block-column-is-layout-flow\" style=\"flex-basis:66.66%\">\n<div class=\"wp-block-stackable-carousel stk-block-carousel stk--is-slide stk--arrows-justify-space-between stk--arrows-align-center stk-block stk-2cd087a\" data-slides-to-show=\"\" data-block-id=\"2cd087a\"><div class=\"stk-block-carousel__content-wrapper\"><div class=\"stk-row stk-inner-blocks stk-block-content stk-block-carousel__slider-wrapper stk-content-align stk-2cd087a-column\"><div class=\"stk-block-carousel__slider\" role=\"list\" data-autoplay=\"4000\" data-label-slide-of=\"Slide %%d of %%d\">\n<div class=\"wp-block-stackable-column stk-block-column stk-column stk-block stk-80c6efd\" data-v=\"4\" data-block-id=\"80c6efd\"><div class=\"stk-column-wrapper stk-block-column__content stk-container stk-80c6efd-container stk--no-background stk--no-padding\"><div class=\"stk-block-content stk-inner-blocks stk-80c6efd-inner-blocks\">\n<div class=\"wp-block-stackable-image stk-block-image stk-block stk-7b5e303\" data-block-id=\"7b5e303\"><figure><span class=\"stk-img-wrapper stk-image--shape-stretch\"><img fetchpriority=\"high\" decoding=\"async\" class=\"stk-img wp-image-85\" src=\"https:\/\/portafoliocasacreativa.com\/wp-content\/uploads\/2025\/08\/Irene_Zundel_1-scaled.jpg\" width=\"2560\" height=\"1709\" srcset=\"https:\/\/portafoliocasacreativa.com\/wp-content\/uploads\/2025\/08\/Irene_Zundel_1-scaled.jpg 2560w, https:\/\/portafoliocasacreativa.com\/wp-content\/uploads\/2025\/08\/Irene_Zundel_1-300x200.jpg 300w, https:\/\/portafoliocasacreativa.com\/wp-content\/uploads\/2025\/08\/Irene_Zundel_1-1024x683.jpg 1024w, https:\/\/portafoliocasacreativa.com\/wp-content\/uploads\/2025\/08\/Irene_Zundel_1-768x513.jpg 768w, https:\/\/portafoliocasacreativa.com\/wp-content\/uploads\/2025\/08\/Irene_Zundel_1-1536x1025.jpg 1536w, https:\/\/portafoliocasacreativa.com\/wp-content\/uploads\/2025\/08\/Irene_Zundel_1-2048x1367.jpg 2048w\" sizes=\"(max-width: 2560px) 100vw, 2560px\" \/><\/span><\/figure><\/div>\n<\/div><\/div><\/div>\n\n\n\n<div class=\"wp-block-stackable-column stk-block-column stk-column stk-block stk-947ed55\" data-v=\"4\" data-block-id=\"947ed55\"><div class=\"stk-column-wrapper stk-block-column__content stk-container stk-947ed55-container stk--no-background stk--no-padding\"><div class=\"stk-block-content stk-inner-blocks stk-947ed55-inner-blocks\">\n<div class=\"wp-block-stackable-image stk-block-image stk-block stk-30ca21d\" data-block-id=\"30ca21d\"><figure><span class=\"stk-img-wrapper stk-image--shape-stretch\"><img decoding=\"async\" class=\"stk-img wp-image-87\" src=\"https:\/\/portafoliocasacreativa.com\/wp-content\/uploads\/2025\/08\/Irene_Zundel_2-scaled.jpg\" width=\"2560\" height=\"1706\" srcset=\"https:\/\/portafoliocasacreativa.com\/wp-content\/uploads\/2025\/08\/Irene_Zundel_2-scaled.jpg 2560w, https:\/\/portafoliocasacreativa.com\/wp-content\/uploads\/2025\/08\/Irene_Zundel_2-300x200.jpg 300w, https:\/\/portafoliocasacreativa.com\/wp-content\/uploads\/2025\/08\/Irene_Zundel_2-1024x682.jpg 1024w, https:\/\/portafoliocasacreativa.com\/wp-content\/uploads\/2025\/08\/Irene_Zundel_2-768x512.jpg 768w, https:\/\/portafoliocasacreativa.com\/wp-content\/uploads\/2025\/08\/Irene_Zundel_2-1536x1023.jpg 1536w, https:\/\/portafoliocasacreativa.com\/wp-content\/uploads\/2025\/08\/Irene_Zundel_2-2048x1365.jpg 2048w\" sizes=\"(max-width: 2560px) 100vw, 2560px\" \/><\/span><\/figure><\/div>\n<\/div><\/div><\/div>\n\n\n\n<div class=\"wp-block-stackable-column stk-block-column stk-column stk-block stk-124a8f3\" data-v=\"4\" data-block-id=\"124a8f3\"><div class=\"stk-column-wrapper stk-block-column__content stk-container stk-124a8f3-container stk--no-background stk--no-padding\"><div class=\"stk-block-content stk-inner-blocks stk-124a8f3-inner-blocks\">\n<div class=\"wp-block-stackable-image stk-block-image stk-block stk-d3b62a7\" data-block-id=\"d3b62a7\"><figure><span class=\"stk-img-wrapper stk-image--shape-stretch\"><img decoding=\"async\" class=\"stk-img wp-image-88\" src=\"https:\/\/portafoliocasacreativa.com\/wp-content\/uploads\/2025\/08\/Irene_Zundel_3-scaled.jpg\" width=\"2560\" height=\"1710\" srcset=\"https:\/\/portafoliocasacreativa.com\/wp-content\/uploads\/2025\/08\/Irene_Zundel_3-scaled.jpg 2560w, https:\/\/portafoliocasacreativa.com\/wp-content\/uploads\/2025\/08\/Irene_Zundel_3-300x200.jpg 300w, https:\/\/portafoliocasacreativa.com\/wp-content\/uploads\/2025\/08\/Irene_Zundel_3-1024x684.jpg 1024w, https:\/\/portafoliocasacreativa.com\/wp-content\/uploads\/2025\/08\/Irene_Zundel_3-768x513.jpg 768w, https:\/\/portafoliocasacreativa.com\/wp-content\/uploads\/2025\/08\/Irene_Zundel_3-1536x1026.jpg 1536w, https:\/\/portafoliocasacreativa.com\/wp-content\/uploads\/2025\/08\/Irene_Zundel_3-2048x1368.jpg 2048w\" sizes=\"(max-width: 2560px) 100vw, 2560px\" \/><\/span><\/figure><\/div>\n<\/div><\/div><\/div>\n<\/div><div class=\"stk-block-carousel__buttons\"><button class=\"stk-block-carousel__button stk-block-carousel__button__prev\" aria-label=\"Previous slide\"><svg aria-hidden=\"true\" focusable=\"false\" data-prefix=\"fas\" data-icon=\"chevron-left\" class=\"svg-inline--fa fa-chevron-left\" xmlns=\"http:\/\/www.w3.org\/2000\/svg\" viewBox=\"0 0 320 512\" width=\"32\" height=\"32\"><path d=\"M34.52 239.03L228.87 44.69c9.37-9.37 24.57-9.37 33.94 0l22.67 22.67c9.36 9.36 9.37 24.52.04 33.9L131.49 256l154.02 154.75c9.34 9.38 9.32 24.54-.04 33.9l-22.67 22.67c-9.37 9.37-24.57 9.37-33.94 0L34.52 272.97c-9.37-9.37-9.37-24.57 0-33.94z\"><\/path><\/svg><\/button><button class=\"stk-block-carousel__button stk-block-carousel__button__next\" aria-label=\"Next slide\"><svg aria-hidden=\"true\" focusable=\"false\" data-prefix=\"fas\" data-icon=\"chevron-right\" class=\"svg-inline--fa fa-chevron-right\" xmlns=\"http:\/\/www.w3.org\/2000\/svg\" viewBox=\"0 0 320 512\" width=\"32\" height=\"32\"><path d=\"M285.476 272.971L91.132 467.314c-9.373 9.373-24.569 9.373-33.941 0l-22.667-22.667c-9.357-9.357-9.375-24.522-.04-33.901L188.505 256 34.484 101.255c-9.335-9.379-9.317-24.544.04-33.901l22.667-22.667c9.373-9.373 24.569-9.373 33.941 0L285.475 239.03c9.373 9.372 9.373 24.568.001 33.941z\"><\/path><\/svg><\/button><\/div><\/div><div class=\"stk-block-carousel__dots\" role=\"list\" data-label=\"Slide %%d\"><\/div><\/div><\/div>\n<\/div>\n\n\n\n<div class=\"wp-block-column is-layout-flow wp-block-column-is-layout-flow\" style=\"flex-basis:33.33%\">\n<div class=\"wp-block-stackable-image stk-block-image has-text-align-center stk-block stk-07d7736\" data-block-id=\"07d7736\"><style>.stk-07d7736 {margin-bottom:0px !important;}<\/style><figure><span class=\"stk-img-wrapper stk-image--shape-stretch\"><img loading=\"lazy\" decoding=\"async\" class=\"stk-img wp-image-71\" src=\"https:\/\/portafoliocasacreativa.com\/wp-content\/uploads\/2025\/07\/irene-zundel-logo-scaled.png\" width=\"2560\" height=\"811\" srcset=\"https:\/\/portafoliocasacreativa.com\/wp-content\/uploads\/2025\/07\/irene-zundel-logo-scaled.png 2560w, https:\/\/portafoliocasacreativa.com\/wp-content\/uploads\/2025\/07\/irene-zundel-logo-300x95.png 300w, https:\/\/portafoliocasacreativa.com\/wp-content\/uploads\/2025\/07\/irene-zundel-logo-1024x324.png 1024w, https:\/\/portafoliocasacreativa.com\/wp-content\/uploads\/2025\/07\/irene-zundel-logo-768x243.png 768w, https:\/\/portafoliocasacreativa.com\/wp-content\/uploads\/2025\/07\/irene-zundel-logo-1536x487.png 1536w, https:\/\/portafoliocasacreativa.com\/wp-content\/uploads\/2025\/07\/irene-zundel-logo-2048x649.png 2048w\" sizes=\"(max-width: 2560px) 100vw, 2560px\" \/><\/span><\/figure><\/div>\n\n\n\n<p class=\"has-text-align-center\">Ciudad de M\u00e9xico, 1958.<\/p>\n\n\n\n<p>Comenc\u00e9 a crear esculturas abstractas porque me atra\u00eda la idea de construir mi propio mundo.<\/p>\n\n\n\n<p>Mis obras son composiciones complejas, formadas por miles de formas repetitivas e interconectadas que se unen para crear patrones geom\u00e9tricos llenos de color. Al explorar el espacio, la profundidad, la simetr\u00eda y otros principios de la abstracci\u00f3n, dise\u00f1o mis piezas para generar efectos \u00f3pticos que enga\u00f1an al ojo y llevan al espectador a cuestionar lo que est\u00e1 observando. Desde la distancia, mis obras pueden parecer pinturas planas, pero al acercarse se revelan como complejas estructuras tridimensionales que, al unirse, crean una sensaci\u00f3n de movimiento y libertad.<\/p>\n<\/div>\n<\/div>\n\n\n\n<div class=\"wp-block-stackable-text stk-block-text stk-block stk-fc8e2df\" data-block-id=\"fc8e2df\"><p class=\"stk-block-text__text\">Dentro de la complejidad de mi entorno familiar, desarroll\u00e9 una imaginaci\u00f3n v\u00edvida que me llev\u00f3 a sentirme atra\u00edda por la abstracci\u00f3n. Mis primeras esculturas abstractas fueron realizadas en bronce; eran piezas curvas, pesadas y cargadas de introspecci\u00f3n. Este periodo de mi trabajo fue un tiempo de profunda reflexi\u00f3n sobre mi pasado y result\u00f3 en un proceso de sanaci\u00f3n significativo.<\/p><\/div>\n\n\n\n<p>Los materiales y las formas de mi obra siempre han sido una expresi\u00f3n de mis emociones. Miles de tri\u00e1ngulos, c\u00edrculos y l\u00edneas son lijados a mano. Durante los \u00faltimos siete a\u00f1os, he trabajado principalmente con plexigl\u00e1s, aunque tambi\u00e9n he utilizado otros materiales como madera, acero y textiles. Algunas de mis esculturas integran luces y espejos para potenciar el juego de sombras y reflejos.<\/p>\n\n\n\n<p>Muchas de mis piezas han surgido de sue\u00f1os y fantas\u00edas. Me nutro de movimientos como la abstracci\u00f3n geom\u00e9trica, el op art y el arte cin\u00e9tico. Artistas latinoamericanos como Julio Le Parc, Carlos Cruz-Diez y Jes\u00fas Rafael Soto han sido una fuente de inspiraci\u00f3n en mi proceso creativo. Mi obra es compleja, un reflejo de lo que ocurre en mi mente, siempre buscando profundizar en el laberinto de formas y colores, dando vida a caleidoscopios visuales.<\/p>\n\n\n\n<div style=\"height:15px\" aria-hidden=\"true\" class=\"wp-block-spacer\"><\/div>\n\n\n\n<div class=\"wp-block-stackable-divider stk-block-divider stk-block stk-a83ef76\" data-block-id=\"a83ef76\"><style>.stk-a83ef76 {margin-bottom:15px !important;}<\/style><hr class=\"stk-block-divider__hr\"\/><\/div>\n\n\n\n<h2 class=\"wp-block-heading\">Exposiciones<\/h2>\n\n\n\n<div class=\"wp-block-stackable-columns stk-block-columns stk-block stk-d7e7b83\" data-block-id=\"d7e7b83\"><style>.stk-d7e7b83 {margin-bottom:15px !important;}<\/style><div class=\"stk-row stk-inner-blocks stk-block-content stk-content-align stk-d7e7b83-column\">\n<div class=\"wp-block-stackable-column stk-block-column stk-column stk-block stk-3a3a819\" data-v=\"4\" data-block-id=\"3a3a819\"><div class=\"stk-column-wrapper stk-block-column__content stk-container stk-3a3a819-container stk--no-background stk--no-padding\"><div class=\"stk-block-content stk-inner-blocks stk-3a3a819-inner-blocks\">\n<h5 class=\"wp-block-heading\"><strong><span style=\"color: #ffffff;background: linear-gradient(to bottom, transparent 50%, #ff6900 50%)\" class=\"stk-highlight\">Colectivas:<\/span><\/strong><\/h5>\n\n\n\n<p><strong>2024:<\/strong> \u2022 \u00abJo: Jeux Optiques\u00bb &#8211; Gallery Wagner, Paris \/ Touquet-Paris-Plage, Francia, \u2022 \u00abLatinos #4\u00bb &#8211; Gallery Wagner, Paris, Francia<\/p>\n\n\n\n<p><strong>2023:<\/strong> \u2022 \u00abParis Gallery Weekend\u00bb &#8211; Gallery Wagner, Paris, Francia<\/p>\n\n\n\n<p><strong>2021-2022:<\/strong> \u2022 Art Miami &#8211; Smith-Davidson Gallery, Miami, EUA, \u2022 KunstRAI &#8211; Smith Davidson Gallery, \u00c1msterdam, Pa\u00edses Bajos, \u2022 Exposici\u00f3n Universal de Dub\u00e1i 2020 &#8211; Pabell\u00f3n M\u00e9xico, Dub\u00e1i, EAU, \u2022 Art Fact Mex &#8211; Dub\u00e1i Exhibition Center, Dub\u00e1i, EAU, \u2022 \u00abM\u00e9xico es color\u00bb &#8211; Casa Decor 2021, Madrid, Espa\u00f1a.<\/p>\n\n\n\n<p><strong>2020:<\/strong> \u2022 \u00abNo Name\u00bb &#8211; Museo Nacional de las Artes, CDMX, M\u00e9xico<\/p>\n\n\n\n<p><strong>2019:<\/strong> \u2022 Art Miami &#8211; Smith-Davidson Gallery, Miami, EUA, \u2022 PAN Amsterdam &#8211; Amsterdam RAI, Pa\u00edses Bajos, \u2022 Otros eventos destacados en CDMX, Chicago, Los \u00c1ngeles, y otros lugares.<\/p>\n\n\n\n<p><strong>2018-2014:<\/strong> \u2022 Participaci\u00f3n en diversas exposiciones en M\u00e9xico, Italia, Espa\u00f1a, y Ciudad del Vaticano.<\/p>\n<\/div><\/div><\/div>\n\n\n\n<div class=\"wp-block-stackable-column stk-block-column stk-column stk-block stk-c91088e\" data-v=\"4\" data-block-id=\"c91088e\"><div class=\"stk-column-wrapper stk-block-column__content stk-container stk-c91088e-container stk--no-background stk--no-padding\"><div class=\"stk-block-content stk-inner-blocks stk-c91088e-inner-blocks\">\n<h5 class=\"wp-block-heading\"><span style=\"background: linear-gradient(to bottom, transparent 50%, #ff6900 50%)\" class=\"stk-highlight\"><strong>Individuales<\/strong>:<\/span><\/h5>\n\n\n\n<p><strong>2024:<\/strong> \u2022 \u00abEcos crom\u00e1ticos\u00bb &#8211; Museo Federico Silva Escultura Contempor\u00e1nea, San Luis Potos\u00ed, M\u00e9xico. \u2022 Festival Art Souterrain &#8211; Instituto Cultural de M\u00e9xico, Montreal, Canad\u00e1.<\/p>\n\n\n\n<p><strong>2019:<\/strong> \u2022 \u00abMente en Movimiento\u00bb &#8211; Casa Nuestra, CDMX, M\u00e9xico. \u2022  \u00abM\u00e1s All\u00e1 de lo Aparente\u00bb &#8211; Maison de l&#8217;Unesco, Par\u00eds, Francia<\/p>\n\n\n\n<p><strong>2018:<\/strong> \u2022 Exposiciones en Dub\u00e1i, Turqu\u00eda, y Alemania.<\/p>\n\n\n\n<p><strong>2017-1996:<\/strong> \u2022 Varias exposiciones en museos y galer\u00edas de M\u00e9xico, Italia, Espa\u00f1a y m\u00e1s.<\/p>\n<\/div><\/div><\/div>\n<\/div><\/div>\n\n\n\n<div class=\"wp-block-stackable-divider stk-block-divider stk-block stk-8049525\" data-block-id=\"8049525\"><style>.stk-8049525 {margin-bottom:15px !important;}<\/style><hr class=\"stk-block-divider__hr\"\/><\/div>\n\n\n\n<div class=\"wp-block-stackable-columns stk-block-columns stk-block stk-4de809b\" data-block-id=\"4de809b\"><style>.stk-4de809b {margin-bottom:70px !important;}<\/style><div class=\"stk-row stk-inner-blocks stk-block-content stk-content-align stk-4de809b-column\">\n<div class=\"wp-block-stackable-column stk-block-column stk-column stk-block stk-a7b135a\" data-v=\"4\" data-block-id=\"a7b135a\"><div class=\"stk-column-wrapper stk-block-column__content stk-container stk-a7b135a-container stk--no-background stk--no-padding\"><div class=\"stk-block-content stk-inner-blocks stk-a7b135a-inner-blocks\">\n<h2 class=\"wp-block-heading\">Premios<\/h2>\n\n\n\n<p><strong>\u2022 2008:<\/strong> Escultura para el Hospital ABC, Edificio de Oncolog\u00eda, CDMX, M\u00e9xico<\/p>\n\n\n\n<p>\u2022<strong> 2004:<\/strong> Escultura \u00abAlegr\u00eda\u00bb para el Hospital Federico G\u00f3mez, CDMX, M\u00e9xico<\/p>\n\n\n\n<p><strong>\u2022 2001:<\/strong> Ganadora del Premio Italia per L\u2019Arte<\/p>\n\n\n\n<p><strong>\u2022 1997:<\/strong> Seleccionada para crear obra p\u00fablica en CDMX, M\u00e9xico<\/p>\n\n\n\n<h2 class=\"wp-block-heading\">Formaci\u00f3n acad\u00e9mica<\/h2>\n\n\n\n<p><strong>\u2022 2007-2017: <\/strong>Terapia de Arte &#8211; CITA<\/p>\n\n\n\n<p><strong>\u2022 2008-2010: <\/strong>Fotograf\u00eda Digital &#8211; Estudio Urquiza<\/p>\n\n\n\n<p><strong>\u2022 2002-2003:<\/strong> Diplomado en Tanatolog\u00eda<\/p>\n\n\n\n<p><strong>\u2022 1991-1993: <\/strong>Fotograf\u00eda &#8211; Museo de Arte Contempor\u00e1neo<\/p>\n\n\n\n<p><strong>\u2022 1990-2006:<\/strong> Taller de Escultura con Enrique Jolly<\/p>\n\n\n\n<p><strong>\u2022 1977-1981:<\/strong> Bachelor of Fine Arts: Dise\u00f1o Gr\u00e1fico &#8211; Philadelphia College of Art<\/p>\n<\/div><\/div><\/div>\n<\/div><\/div>\n\n\n\n<div class=\"wp-block-stackable-image stk-block-image stk-block stk-43bc4f5\" data-block-id=\"43bc4f5\"><style>.stk-43bc4f5 .stk-img-wrapper{width:80px !important;}<\/style><figure><span class=\"stk-img-wrapper stk-image--shape-stretch\"><img loading=\"lazy\" decoding=\"async\" class=\"stk-img wp-image-68\" src=\"https:\/\/portafoliocasacreativa.com\/wp-content\/uploads\/2025\/07\/libelula-irene-zundel.png\" width=\"419\" height=\"419\" srcset=\"https:\/\/portafoliocasacreativa.com\/wp-content\/uploads\/2025\/07\/libelula-irene-zundel.png 419w, https:\/\/portafoliocasacreativa.com\/wp-content\/uploads\/2025\/07\/libelula-irene-zundel-300x300.png 300w, https:\/\/portafoliocasacreativa.com\/wp-content\/uploads\/2025\/07\/libelula-irene-zundel-150x150.png 150w\" sizes=\"(max-width: 419px) 100vw, 419px\" \/><\/span><\/figure><\/div>\n\n\n\n<p><\/p>\n","protected":false},"excerpt":{"rendered":"<p>Ciudad de M\u00e9xico, 1958. Comenc\u00e9 a crear esculturas abstractas porque me atra\u00eda la idea de construir mi propio mundo. Mis obras son composiciones complejas, formadas por miles de formas repetitivas e interconectadas que se unen para crear patrones geom\u00e9tricos llenos de color. Al explorar el espacio, la profundidad, la simetr\u00eda y otros principios de la [&hellip;]<\/p>\n","protected":false},"author":1,"featured_media":0,"parent":0,"menu_order":0,"comment_status":"closed","ping_status":"closed","template":"","meta":{"footnotes":""},"class_list":["post-13","page","type-page","status-publish","hentry"],"blocksy_meta":[],"_links":{"self":[{"href":"https:\/\/portafoliocasacreativa.com\/index.php\/wp-json\/wp\/v2\/pages\/13","targetHints":{"allow":["GET"]}}],"collection":[{"href":"https:\/\/portafoliocasacreativa.com\/index.php\/wp-json\/wp\/v2\/pages"}],"about":[{"href":"https:\/\/portafoliocasacreativa.com\/index.php\/wp-json\/wp\/v2\/types\/page"}],"author":[{"embeddable":true,"href":"https:\/\/portafoliocasacreativa.com\/index.php\/wp-json\/wp\/v2\/users\/1"}],"replies":[{"embeddable":true,"href":"https:\/\/portafoliocasacreativa.com\/index.php\/wp-json\/wp\/v2\/comments?post=13"}],"version-history":[{"count":10,"href":"https:\/\/portafoliocasacreativa.com\/index.php\/wp-json\/wp\/v2\/pages\/13\/revisions"}],"predecessor-version":[{"id":106,"href":"https:\/\/portafoliocasacreativa.com\/index.php\/wp-json\/wp\/v2\/pages\/13\/revisions\/106"}],"wp:attachment":[{"href":"https:\/\/portafoliocasacreativa.com\/index.php\/wp-json\/wp\/v2\/media?parent=13"}],"curies":[{"name":"wp","href":"https:\/\/api.w.org\/{rel}","templated":true}]}}